{"id":176,"date":"2017-08-07T18:46:42","date_gmt":"2017-08-07T09:46:42","guid":{"rendered":"https:\/\/jokondo.b-sheet.jp\/?page_id=176"},"modified":"2025-07-15T18:30:48","modified_gmt":"2025-07-15T09:30:48","slug":"biography","status":"publish","type":"page","link":"https:\/\/jokondo.b-sheet.jp\/en\/biography\/","title":{"rendered":"BIOGRAPHY"},"content":{"rendered":"<p><strong>Jo KONDO, Composer<\/strong><\/p>\n<p>Born in Tokyo in 1947, Jo Kondo graduated from the composition department of Tokyo University of Arts in 1972. He spent a year in New York on a grant from the John D. Rockefeller III Fund in 1977-78. In 1979, he taught as guest lecturer at the University of Victoria, British Columbia, invited by the Canada Council, and in 1986 resided in London as a British Council Senior Fellow. In 1987, he was a composer in residence at Hartt School of Music, Hartford, USA, and in 1987 and 2000 taught at Dartington International Summer School in England. In 2005 he was invited by Eastman School of Music at Rochester University as Howard Hanson Guest Professor. Kondo has given lectures on his own music in many institutions in Europe and North America, such as Harvard University, New England Conservatory of Music, Edinburgh University, York University, Universit\u00e4t zu K\u00f6ln, Hochschule f\u00fcr Musik und Theater Hamburg, Conservatorium van Amsterdam. He was a professor at Ochanomizu University in Tokyo and Elisabeth University of Music in Hiroshima, and taught also at Tokyo University of Arts for many years. At present, he is a professor at Showa University of Music, Kawasaki, Japan and professor emeritus at Ochanomizu University in Tokyo. In 1980 Kondo founded the Musica Practica Ensemble, a chamber orchestra devoted to contemporary music, and was the artistic director of the group until its disbandment in 1991.<\/p>\n<p>He has written more than 180 compositions, ranging from solo pieces to orchestral and electronic works, which have been widely performed in Japan, North America, and Europe. Almost all the works he has written have been published by UYMP (University of York Music Press) in UK, and C. F. Peters, New York. These were recorded on Hat Art, Wergo, ALM, Fontec, Deutsche Grammophon, and other labels.<\/p>\n<p>He has received commissions from numerous organizations, ensembles and musicians. His music has been featured at many international music festivals including Huddersfield Contemporary Music Festival (UK), Maggio Musicale Fiorentino (Italy), Festival d&#8217;Automne \u00e0 Paris (France), Almeida Festival (UK), Tanglewood Festival (USA), etc. Performers associated with his music include Paul Zukofsky, Oliver Knussen, Satoko Inoue, Ives Ensemble and Nieuw Ensembles in the Netherlands, London Sinfonietta, Birmingham Contemporary Music Group in UK, Ensemble recherch\u00e9 and Ensemble \u2018L\u2019ART POUR L\u2019ART in Germany, Quatuor Bozzini in Canada, Ensemble Nomad in Japan and many others.<br \/>\nHe was on the jury of the Gaudeamus International Composer\u2019s competition, the Music Competition of Japan, the Akutagawa Award for young Japanese composers, Toru Takemitsu Composition Award, the Kyoto Prize and many others. He is also known as a regular host of NHK radio programs on contemporary music for more than 35 years.<\/p>\n<p>He received the Otaka Prize (the best Japanese orchestra work in the year) for his orchestra piece \u201cIn the Woods\u201d in 1991, and the Nakajima Kenzo Prize for his achievements in the Japanese contemporary music in 2005. Jo Kondo was elected as a foreign honorary member of the American Academy of Arts and Letters in 2012. In 2018, he was awarded \u201cthe 68th Minister of Education, Culture, Sports, Science and Technology\u2019s Art Encouragement Prize\u201d. In 2024, the Suntory Foundation for the Arts awarded him the 55th (2023) Suntory Music Award, which is presented to individuals or ensembles for notable contributions to the development of Western-style music in Japan. He was named \u201cPerson of Cultural Merit\u201d by the Japanese government in 2024.<br \/>\nHe served as chairman of Japan Society for Contemporary Music (the International Society for Contemporary Music \u2013 Japanese Section) from 2018 to 2025 and continues to serve on its board.<\/p>\n<p>Publisher:<br \/>\nUniversity of York Music Press LTD. Dept. of Music, University of York, York YO105DD<br \/>\n<a href=\"http:\/\/www.uymp.co.uk\">www.uymp.co.uk<\/a><\/p>\n","protected":false},"excerpt":{"rendered":"<p>Jo KONDO, Composer Born in Tokyo in 1947, Jo Kondo graduated from the composition department of Tokyo Universi [&hellip;]<\/p>\n","protected":false},"author":1,"featured_media":0,"parent":0,"menu_order":0,"comment_status":"closed","ping_status":"closed","template":"page-biography.php","meta":{"_acf_changed":false,"_locale":"en_US","_original_post":"64","footnotes":""},"class_list":["post-176","page","type-page","status-publish","hentry","en-US"],"acf":[],"yoast_head":"<!-- This site is optimized with the Yoast SEO plugin v27.4 - https:\/\/yoast.com\/product\/yoast-seo-wordpress\/ -->\n<title>BIOGRAPHY - JO KONDO<\/title>\n<meta name=\"robots\" content=\"index, follow, max-snippet:-1, max-image-preview:large, max-video-preview:-1\" \/>\n<link rel=\"canonical\" href=\"https:\/\/jokondo.b-sheet.jp\/en\/biography\/\" \/>\n<meta property=\"og:locale\" content=\"en_US\" \/>\n<meta property=\"og:type\" content=\"article\" \/>\n<meta property=\"og:title\" content=\"BIOGRAPHY - JO KONDO\" \/>\n<meta property=\"og:description\" content=\"Jo KONDO, Composer Born in Tokyo in 1947, Jo Kondo graduated from the composition department of Tokyo Universi [&hellip;]\" \/>\n<meta property=\"og:url\" content=\"https:\/\/jokondo.b-sheet.jp\/en\/biography\/\" \/>\n<meta property=\"og:site_name\" content=\"JO KONDO\" \/>\n<meta property=\"article:modified_time\" content=\"2025-07-15T09:30:48+00:00\" \/>\n<meta property=\"og:image\" content=\"https:\/\/jokondo.b-sheet.jp\/wp-content\/uploads\/2018\/10\/sns_jo.png\" \/>\n\t<meta property=\"og:image:width\" content=\"1200\" \/>\n\t<meta property=\"og:image:height\" content=\"630\" \/>\n\t<meta property=\"og:image:type\" content=\"image\/png\" \/>\n<meta name=\"twitter:card\" content=\"summary_large_image\" \/>\n<meta name=\"twitter:label1\" content=\"Est. reading time\" \/>\n\t<meta name=\"twitter:data1\" content=\"9 minutes\" \/>\n<script type=\"application\/ld+json\" class=\"yoast-schema-graph\">{\"@context\":\"https:\\\/\\\/schema.org\",\"@graph\":[{\"@type\":\"WebPage\",\"@id\":\"https:\\\/\\\/jokondo.b-sheet.jp\\\/en\\\/biography\\\/\",\"url\":\"https:\\\/\\\/jokondo.b-sheet.jp\\\/en\\\/biography\\\/\",\"name\":\"BIOGRAPHY - JO KONDO\",\"isPartOf\":{\"@id\":\"https:\\\/\\\/jokondo.b-sheet.jp\\\/#website\"},\"datePublished\":\"2017-08-07T09:46:42+00:00\",\"dateModified\":\"2025-07-15T09:30:48+00:00\",\"breadcrumb\":{\"@id\":\"https:\\\/\\\/jokondo.b-sheet.jp\\\/en\\\/biography\\\/#breadcrumb\"},\"inLanguage\":\"en-US\",\"potentialAction\":[{\"@type\":\"ReadAction\",\"target\":[\"https:\\\/\\\/jokondo.b-sheet.jp\\\/en\\\/biography\\\/\"]}]},{\"@type\":\"BreadcrumbList\",\"@id\":\"https:\\\/\\\/jokondo.b-sheet.jp\\\/en\\\/biography\\\/#breadcrumb\",\"itemListElement\":[{\"@type\":\"ListItem\",\"position\":1,\"name\":\"\u30db\u30fc\u30e0\",\"item\":\"https:\\\/\\\/jokondo.b-sheet.jp\\\/\"},{\"@type\":\"ListItem\",\"position\":2,\"name\":\"BIOGRAPHY\"}]},{\"@type\":\"WebSite\",\"@id\":\"https:\\\/\\\/jokondo.b-sheet.jp\\\/#website\",\"url\":\"https:\\\/\\\/jokondo.b-sheet.jp\\\/\",\"name\":\"JO KONDO\",\"description\":\"\u8fd1\u85e4\u8b72\uff08Jo Kondo\uff09\u306f\u65e5\u672c\u306e\u4f5c\u66f2\u5bb6\u3002\u8457\u66f8\u306b\u300c\u7dda\u306e\u97f3\u697d\u300d\u300c\u3082\u306e\u304c\u305f\u308a\u897f\u6d0b\u97f3\u697d\u53f2\u300d\u3001\u7ffb\u8a33\u306b\u30b1\u30fc\u30b8\u300c\u97f3\u697d\u306e\u96f6\u5ea6\u300d\u3002\u5c3e\u9ad8\u8cde\u3001\u82b8\u8853\u9078\u5968\u3092\u53d7\u8cde\u3002\u30a2\u30e1\u30ea\u30ab\u82b8\u8853\u30fb\u6587\u5b66\u30a2\u30ab\u30c7\u30df\u30fc\u5916\u56fd\u4eba\u540d\u8a89\u4f1a\u54e1\u3002\u65e5\u672c\u73fe\u4ee3\u97f3\u697d\u5354\u4f1a\u4f1a\u9577\u3002\u697d\u8b5c\u306f\u30e8\u30fc\u30af\u5927\u5b66\u51fa\u7248\u304b\u3089\u51fa\u7248\u3002\",\"potentialAction\":[{\"@type\":\"SearchAction\",\"target\":{\"@type\":\"EntryPoint\",\"urlTemplate\":\"https:\\\/\\\/jokondo.b-sheet.jp\\\/?s={search_term_string}\"},\"query-input\":{\"@type\":\"PropertyValueSpecification\",\"valueRequired\":true,\"valueName\":\"search_term_string\"}}],\"inLanguage\":\"en-US\"}]}<\/script>\n<!-- \/ Yoast SEO plugin. -->","yoast_head_json":{"title":"BIOGRAPHY - JO KONDO","robots":{"index":"index","follow":"follow","max-snippet":"max-snippet:-1","max-image-preview":"max-image-preview:large","max-video-preview":"max-video-preview:-1"},"canonical":"https:\/\/jokondo.b-sheet.jp\/en\/biography\/","og_locale":"en_US","og_type":"article","og_title":"BIOGRAPHY - JO KONDO","og_description":"Jo KONDO, Composer Born in Tokyo in 1947, Jo Kondo graduated from the composition department of Tokyo Universi [&hellip;]","og_url":"https:\/\/jokondo.b-sheet.jp\/en\/biography\/","og_site_name":"JO KONDO","article_modified_time":"2025-07-15T09:30:48+00:00","og_image":[{"width":1200,"height":630,"url":"https:\/\/jokondo.b-sheet.jp\/wp-content\/uploads\/2018\/10\/sns_jo.png","type":"image\/png"}],"twitter_card":"summary_large_image","twitter_misc":{"Est. reading time":"9 minutes"},"schema":{"@context":"https:\/\/schema.org","@graph":[{"@type":"WebPage","@id":"https:\/\/jokondo.b-sheet.jp\/en\/biography\/","url":"https:\/\/jokondo.b-sheet.jp\/en\/biography\/","name":"BIOGRAPHY - JO KONDO","isPartOf":{"@id":"https:\/\/jokondo.b-sheet.jp\/#website"},"datePublished":"2017-08-07T09:46:42+00:00","dateModified":"2025-07-15T09:30:48+00:00","breadcrumb":{"@id":"https:\/\/jokondo.b-sheet.jp\/en\/biography\/#breadcrumb"},"inLanguage":"en-US","potentialAction":[{"@type":"ReadAction","target":["https:\/\/jokondo.b-sheet.jp\/en\/biography\/"]}]},{"@type":"BreadcrumbList","@id":"https:\/\/jokondo.b-sheet.jp\/en\/biography\/#breadcrumb","itemListElement":[{"@type":"ListItem","position":1,"name":"\u30db\u30fc\u30e0","item":"https:\/\/jokondo.b-sheet.jp\/"},{"@type":"ListItem","position":2,"name":"BIOGRAPHY"}]},{"@type":"WebSite","@id":"https:\/\/jokondo.b-sheet.jp\/#website","url":"https:\/\/jokondo.b-sheet.jp\/","name":"JO KONDO","description":"\u8fd1\u85e4\u8b72\uff08Jo Kondo\uff09\u306f\u65e5\u672c\u306e\u4f5c\u66f2\u5bb6\u3002\u8457\u66f8\u306b\u300c\u7dda\u306e\u97f3\u697d\u300d\u300c\u3082\u306e\u304c\u305f\u308a\u897f\u6d0b\u97f3\u697d\u53f2\u300d\u3001\u7ffb\u8a33\u306b\u30b1\u30fc\u30b8\u300c\u97f3\u697d\u306e\u96f6\u5ea6\u300d\u3002\u5c3e\u9ad8\u8cde\u3001\u82b8\u8853\u9078\u5968\u3092\u53d7\u8cde\u3002\u30a2\u30e1\u30ea\u30ab\u82b8\u8853\u30fb\u6587\u5b66\u30a2\u30ab\u30c7\u30df\u30fc\u5916\u56fd\u4eba\u540d\u8a89\u4f1a\u54e1\u3002\u65e5\u672c\u73fe\u4ee3\u97f3\u697d\u5354\u4f1a\u4f1a\u9577\u3002\u697d\u8b5c\u306f\u30e8\u30fc\u30af\u5927\u5b66\u51fa\u7248\u304b\u3089\u51fa\u7248\u3002","potentialAction":[{"@type":"SearchAction","target":{"@type":"EntryPoint","urlTemplate":"https:\/\/jokondo.b-sheet.jp\/?s={search_term_string}"},"query-input":{"@type":"PropertyValueSpecification","valueRequired":true,"valueName":"search_term_string"}}],"inLanguage":"en-US"}]}},"jetpack_shortlink":"https:\/\/wp.me\/P967mR-2Q","jetpack_sharing_enabled":true,"_links":{"self":[{"href":"https:\/\/jokondo.b-sheet.jp\/wp-json\/wp\/v2\/pages\/176","targetHints":{"allow":["GET"]}}],"collection":[{"href":"https:\/\/jokondo.b-sheet.jp\/wp-json\/wp\/v2\/pages"}],"about":[{"href":"https:\/\/jokondo.b-sheet.jp\/wp-json\/wp\/v2\/types\/page"}],"author":[{"embeddable":true,"href":"https:\/\/jokondo.b-sheet.jp\/wp-json\/wp\/v2\/users\/1"}],"replies":[{"embeddable":true,"href":"https:\/\/jokondo.b-sheet.jp\/wp-json\/wp\/v2\/comments?post=176"}],"version-history":[{"count":11,"href":"https:\/\/jokondo.b-sheet.jp\/wp-json\/wp\/v2\/pages\/176\/revisions"}],"predecessor-version":[{"id":2526,"href":"https:\/\/jokondo.b-sheet.jp\/wp-json\/wp\/v2\/pages\/176\/revisions\/2526"}],"wp:attachment":[{"href":"https:\/\/jokondo.b-sheet.jp\/wp-json\/wp\/v2\/media?parent=176"}],"curies":[{"name":"wp","href":"https:\/\/api.w.org\/{rel}","templated":true}]}}